{"id":6017,"date":"2023-07-30T19:16:31","date_gmt":"2023-07-30T22:16:31","guid":{"rendered":"https:\/\/aqualitapremium.com.br\/lp\/?page_id=6017"},"modified":"2025-12-09T11:08:52","modified_gmt":"2025-12-09T14:08:52","slug":"whatsapp","status":"publish","type":"page","link":"https:\/\/aqualita.com.br\/site\/whatsapp\/","title":{"rendered":"WhatsApp"},"content":{"rendered":"\t\t<div data-elementor-type=\"wp-page\" data-elementor-id=\"6017\" class=\"elementor elementor-6017\">\n\t\t\t\t\t\t<section class=\"elementor-section elementor-top-section elementor-element elementor-element-c30b0bb elementor-section-height-min-height elementor-section-items-top elementor-section-boxed elementor-section-height-default wpr-particle-no wpr-jarallax-no wpr-parallax-no wpr-sticky-section-no\" data-id=\"c30b0bb\" data-element_type=\"section\" data-settings=\"{&quot;background_background&quot;:&quot;classic&quot;}\">\n\t\t\t\t\t\t<div class=\"elementor-container elementor-column-gap-default\">\n\t\t\t\t\t<div class=\"elementor-column elementor-col-100 elementor-top-column elementor-element elementor-element-145ecae\" data-id=\"145ecae\" data-element_type=\"column\">\n\t\t\t<div class=\"elementor-widget-wrap elementor-element-populated\">\n\t\t\t\t\t\t<div class=\"elementor-element elementor-element-5abfd34 elementor-widget__width-initial elementor-widget elementor-widget-html\" data-id=\"5abfd34\" data-element_type=\"widget\" data-widget_type=\"html.default\">\n\t\t\t\t<div class=\"elementor-widget-container\">\n\t\t\t\t\t<style>\n.wpcf7-fake-submit {\n  opacity: .35;\n  cursor: not-allowed;\n  user-select: none;\n  pointer-events: none; \/* evita clique e tracking *\/\n  margin-left: auto !important;\n  margin-right: auto !important;\n}\n<\/style>\n<!-- Meta Pixel Code -->\n<script>\n!function(f,b,e,v,n,t,s)\n{if(f.fbq)return;n=f.fbq=function(){n.callMethod?\nn.callMethod.apply(n,arguments):n.queue.push(arguments)};\nif(!f._fbq)f._fbq=n;n.push=n;n.loaded=!0;n.version='2.0';\nn.queue=[];t=b.createElement(e);t.async=!0;\nt.src=v;s=b.getElementsByTagName(e)[0];\ns.parentNode.insertBefore(t,s)}(window, document,'script',\n'https:\/\/connect.facebook.net\/en_US\/fbevents.js');\nfbq('init', '1146629079955540');\nfbq('track', 'PageView');\n<\/script>\n<noscript><img height=\"1\" width=\"1\" style=\"display:none\"\nsrc=\"https:\/\/www.facebook.com\/tr?id=1146629079955540&ev=PageView&noscript=1\"\n\/><\/noscript>\n<!-- End Meta Pixel Code -->\t\t\t\t<\/div>\n\t\t\t\t<\/div>\n\t\t\t\t<section class=\"elementor-section elementor-inner-section elementor-element elementor-element-570fc08 elementor-section-boxed elementor-section-height-default elementor-section-height-default wpr-particle-no wpr-jarallax-no wpr-parallax-no wpr-sticky-section-no\" data-id=\"570fc08\" data-element_type=\"section\">\n\t\t\t\t\t\t<div class=\"elementor-container elementor-column-gap-default\">\n\t\t\t\t\t<div class=\"elementor-column elementor-col-100 elementor-inner-column elementor-element elementor-element-5921c82\" data-id=\"5921c82\" data-element_type=\"column\">\n\t\t\t<div class=\"elementor-widget-wrap elementor-element-populated\">\n\t\t\t\t\t\t<div class=\"elementor-element elementor-element-f723b09 elementor-hidden-mobile elementor-widget elementor-widget-image\" data-id=\"f723b09\" data-element_type=\"widget\" data-widget_type=\"image.default\">\n\t\t\t\t<div class=\"elementor-widget-container\">\n\t\t\t\t\t\t\t\t\t\t\t\t\t\t\t<img decoding=\"async\" src=\"https:\/\/aqualitapremium.com.br\/lp\/wp-content\/uploads\/2023\/07\/whatsapp-logo.svg\" title=\"\" alt=\"\" loading=\"lazy\" \/>\t\t\t\t\t\t\t\t\t\t\t\t\t\t\t<\/div>\n\t\t\t\t<\/div>\n\t\t\t\t<div class=\"elementor-element elementor-element-4fdaaff elementor-widget elementor-widget-heading\" data-id=\"4fdaaff\" data-element_type=\"widget\" data-widget_type=\"heading.default\">\n\t\t\t\t<div class=\"elementor-widget-container\">\n\t\t\t\t\t<h2 class=\"elementor-heading-title elementor-size-default\">Aqualita Lagoinha<\/h2>\t\t\t\t<\/div>\n\t\t\t\t<\/div>\n\t\t\t\t<div class=\"elementor-element elementor-element-011e33a elementor-widget elementor-widget-text-editor\" data-id=\"011e33a\" data-element_type=\"widget\" data-widget_type=\"text-editor.default\">\n\t\t\t\t<div class=\"elementor-widget-container\">\n\t\t\t\t\t\t\t\t\t<p><span style=\"vertical-align: inherit;\"><span style=\"vertical-align: inherit;\"><span style=\"vertical-align: inherit;\"><span style=\"vertical-align: inherit;\"><span style=\"vertical-align: inherit;\"><span style=\"vertical-align: inherit;\"><span style=\"vertical-align: inherit;\"><span style=\"vertical-align: inherit;\"><span style=\"vertical-align: inherit;\"><span style=\"vertical-align: inherit;\">Fale com a gente atrav\u00e9s do WhatsApp<\/span><\/span><\/span><\/span><\/span><\/span><\/span><\/span><\/span><\/span><\/p>\t\t\t\t\t\t\t\t<\/div>\n\t\t\t\t<\/div>\n\t\t\t\t<div class=\"elementor-element elementor-element-b871636 elementor-widget elementor-widget-text-editor\" data-id=\"b871636\" data-element_type=\"widget\" data-widget_type=\"text-editor.default\">\n\t\t\t\t<div class=\"elementor-widget-container\">\n\t\t\t\t\t\t\t\t\t<p><small><span style=\"vertical-align: inherit;\"><span style=\"vertical-align: inherit;\"><span style=\"vertical-align: inherit;\"><span style=\"vertical-align: inherit;\"><span style=\"vertical-align: inherit;\"><span style=\"vertical-align: inherit;\">(31) 3458-0871 | contato@aqualita.com.br<\/span><\/span><\/span><\/span><\/span><\/span><\/small><\/p>\t\t\t\t\t\t\t\t<\/div>\n\t\t\t\t<\/div>\n\t\t\t\t\t<\/div>\n\t\t<\/div>\n\t\t\t\t\t<\/div>\n\t\t<\/section>\n\t\t\t\t\t<\/div>\n\t\t<\/div>\n\t\t\t\t\t<\/div>\n\t\t<\/section>\n\t\t\t\t<section class=\"elementor-section elementor-top-section elementor-element elementor-element-ac8f8fe elementor-section-height-min-height elementor-section-items-top elementor-section-stretched elementor-section-boxed elementor-section-height-default wpr-particle-no wpr-jarallax-no wpr-parallax-no wpr-sticky-section-no\" data-id=\"ac8f8fe\" data-element_type=\"section\" data-settings=\"{&quot;background_background&quot;:&quot;classic&quot;,&quot;stretch_section&quot;:&quot;section-stretched&quot;}\">\n\t\t\t\t\t\t\t<div class=\"elementor-background-overlay\"><\/div>\n\t\t\t\t\t\t\t<div class=\"elementor-container elementor-column-gap-no\">\n\t\t\t\t\t<div class=\"elementor-column elementor-col-33 elementor-top-column elementor-element elementor-element-a48b3ca\" data-id=\"a48b3ca\" data-element_type=\"column\">\n\t\t\t<div class=\"elementor-widget-wrap\">\n\t\t\t\t\t\t\t<\/div>\n\t\t<\/div>\n\t\t\t\t<div class=\"elementor-column elementor-col-33 elementor-top-column elementor-element elementor-element-9d8c75b\" data-id=\"9d8c75b\" data-element_type=\"column\" data-settings=\"{&quot;background_background&quot;:&quot;classic&quot;}\">\n\t\t\t<div class=\"elementor-widget-wrap elementor-element-populated\">\n\t\t\t\t\t\t<section class=\"elementor-section elementor-inner-section elementor-element elementor-element-85ea1bc elementor-section-full_width elementor-section-height-default elementor-section-height-default wpr-particle-no wpr-jarallax-no wpr-parallax-no wpr-sticky-section-no\" data-id=\"85ea1bc\" data-element_type=\"section\" data-settings=\"{&quot;background_background&quot;:&quot;classic&quot;}\">\n\t\t\t\t\t\t<div class=\"elementor-container elementor-column-gap-no\">\n\t\t\t\t\t<div class=\"elementor-column elementor-col-100 elementor-inner-column elementor-element elementor-element-0bd38cf\" data-id=\"0bd38cf\" data-element_type=\"column\" data-settings=\"{&quot;background_background&quot;:&quot;classic&quot;}\">\n\t\t\t<div class=\"elementor-widget-wrap elementor-element-populated\">\n\t\t\t\t\t\t<div class=\"elementor-element elementor-element-0bddb29 elementor-position-left elementor-mobile-position-left elementor-view-default elementor-vertical-align-top elementor-widget elementor-widget-icon-box\" data-id=\"0bddb29\" data-element_type=\"widget\" data-widget_type=\"icon-box.default\">\n\t\t\t\t<div class=\"elementor-widget-container\">\n\t\t\t\t\t\t\t<div class=\"elementor-icon-box-wrapper\">\n\n\t\t\t\t\t\t<div class=\"elementor-icon-box-icon\">\n\t\t\t\t<span  class=\"elementor-icon elementor-animation-\">\n\t\t\t\t<svg xmlns=\"http:\/\/www.w3.org\/2000\/svg\" viewBox=\"0 0 48 48\" width=\"48px\" height=\"48px\" fill-rule=\"evenodd\" clip-rule=\"evenodd\"><path fill=\"#fff\" d=\"M4.868,43.303l2.694-9.835C5.9,30.59,5.026,27.324,5.027,23.979C5.032,13.514,13.548,5,24.014,5c5.079,0.002,9.845,1.979,13.43,5.566c3.584,3.588,5.558,8.356,5.556,13.428c-0.004,10.465-8.522,18.98-18.986,18.98c-0.001,0,0,0,0,0h-0.008c-3.177-0.001-6.3-0.798-9.073-2.311L4.868,43.303z\"><\/path><path fill=\"#fff\" d=\"M4.868,43.803c-0.132,0-0.26-0.052-0.355-0.148c-0.125-0.127-0.174-0.312-0.127-0.483l2.639-9.636c-1.636-2.906-2.499-6.206-2.497-9.556C4.532,13.238,13.273,4.5,24.014,4.5c5.21,0.002,10.105,2.031,13.784,5.713c3.679,3.683,5.704,8.577,5.702,13.781c-0.004,10.741-8.746,19.48-19.486,19.48c-3.189-0.001-6.344-0.788-9.144-2.277l-9.875,2.589C4.953,43.798,4.911,43.803,4.868,43.803z\"><\/path><path fill=\"#cfd8dc\" d=\"M24.014,5c5.079,0.002,9.845,1.979,13.43,5.566c3.584,3.588,5.558,8.356,5.556,13.428c-0.004,10.465-8.522,18.98-18.986,18.98h-0.008c-3.177-0.001-6.3-0.798-9.073-2.311L4.868,43.303l2.694-9.835C5.9,30.59,5.026,27.324,5.027,23.979C5.032,13.514,13.548,5,24.014,5 M24.014,42.974C24.014,42.974,24.014,42.974,24.014,42.974C24.014,42.974,24.014,42.974,24.014,42.974 M24.014,42.974C24.014,42.974,24.014,42.974,24.014,42.974C24.014,42.974,24.014,42.974,24.014,42.974 M24.014,4C24.014,4,24.014,4,24.014,4C12.998,4,4.032,12.962,4.027,23.979c-0.001,3.367,0.849,6.685,2.461,9.622l-2.585,9.439c-0.094,0.345,0.002,0.713,0.254,0.967c0.19,0.192,0.447,0.297,0.711,0.297c0.085,0,0.17-0.011,0.254-0.033l9.687-2.54c2.828,1.468,5.998,2.243,9.197,2.244c11.024,0,19.99-8.963,19.995-19.98c0.002-5.339-2.075-10.359-5.848-14.135C34.378,6.083,29.357,4.002,24.014,4L24.014,4z\"><\/path><path fill=\"#40c351\" d=\"M35.176,12.832c-2.98-2.982-6.941-4.625-11.157-4.626c-8.704,0-15.783,7.076-15.787,15.774c-0.001,2.981,0.833,5.883,2.413,8.396l0.376,0.597l-1.595,5.821l5.973-1.566l0.577,0.342c2.422,1.438,5.2,2.198,8.032,2.199h0.006c8.698,0,15.777-7.077,15.78-15.776C39.795,19.778,38.156,15.814,35.176,12.832z\"><\/path><path fill=\"#fff\" fill-rule=\"evenodd\" d=\"M19.268,16.045c-0.355-0.79-0.729-0.806-1.068-0.82c-0.277-0.012-0.593-0.011-0.909-0.011c-0.316,0-0.83,0.119-1.265,0.594c-0.435,0.475-1.661,1.622-1.661,3.956c0,2.334,1.7,4.59,1.937,4.906c0.237,0.316,3.282,5.259,8.104,7.161c4.007,1.58,4.823,1.266,5.693,1.187c0.87-0.079,2.807-1.147,3.202-2.255c0.395-1.108,0.395-2.057,0.277-2.255c-0.119-0.198-0.435-0.316-0.909-0.554s-2.807-1.385-3.242-1.543c-0.435-0.158-0.751-0.237-1.068,0.238c-0.316,0.474-1.225,1.543-1.502,1.859c-0.277,0.317-0.554,0.357-1.028,0.119c-0.474-0.238-2.002-0.738-3.815-2.354c-1.41-1.257-2.362-2.81-2.639-3.285c-0.277-0.474-0.03-0.731,0.208-0.968c0.213-0.213,0.474-0.554,0.712-0.831c0.237-0.277,0.316-0.475,0.474-0.791c0.158-0.317,0.079-0.594-0.04-0.831C20.612,19.329,19.69,16.983,19.268,16.045z\" clip-rule=\"evenodd\"><\/path><\/svg>\t\t\t\t<\/span>\n\t\t\t<\/div>\n\t\t\t\n\t\t\t\t\t\t<div class=\"elementor-icon-box-content\">\n\n\t\t\t\t\t\t\t\t\t<h3 class=\"elementor-icon-box-title\">\n\t\t\t\t\t\t<span  >\n\t\t\t\t\t\t\tAqualita Lagoinha\t\t\t\t\t\t<\/span>\n\t\t\t\t\t<\/h3>\n\t\t\t\t\n\t\t\t\t\n\t\t\t<\/div>\n\t\t\t\n\t\t<\/div>\n\t\t\t\t\t\t<\/div>\n\t\t\t\t<\/div>\n\t\t\t\t<div class=\"elementor-element elementor-element-1f66729 elementor-position-left elementor-vertical-align-middle elementor-mobile-position-left elementor-view-default elementor-widget elementor-widget-icon-box\" data-id=\"1f66729\" data-element_type=\"widget\" data-widget_type=\"icon-box.default\">\n\t\t\t\t<div class=\"elementor-widget-container\">\n\t\t\t\t\t\t\t<div class=\"elementor-icon-box-wrapper\">\n\n\t\t\t\t\t\t<div class=\"elementor-icon-box-icon\">\n\t\t\t\t<span  class=\"elementor-icon elementor-animation-\">\n\t\t\t\t<svg aria-hidden=\"true\" class=\"e-font-icon-svg e-fas-circle\" viewBox=\"0 0 512 512\" xmlns=\"http:\/\/www.w3.org\/2000\/svg\"><path d=\"M256 8C119 8 8 119 8 256s111 248 248 248 248-111 248-248S393 8 256 8z\"><\/path><\/svg>\t\t\t\t<\/span>\n\t\t\t<\/div>\n\t\t\t\n\t\t\t\t\t\t<div class=\"elementor-icon-box-content\">\n\n\t\t\t\t\t\t\t\t\t<h2 class=\"elementor-icon-box-title\">\n\t\t\t\t\t\t<span  >\n\t\t\t\t\t\t\tOnline\t\t\t\t\t\t<\/span>\n\t\t\t\t\t<\/h2>\n\t\t\t\t\n\t\t\t\t\n\t\t\t<\/div>\n\t\t\t\n\t\t<\/div>\n\t\t\t\t\t\t<\/div>\n\t\t\t\t<\/div>\n\t\t\t\t\t<\/div>\n\t\t<\/div>\n\t\t\t\t\t<\/div>\n\t\t<\/section>\n\t\t\t\t<section class=\"elementor-section elementor-inner-section elementor-element elementor-element-d020693 elementor-section-boxed elementor-section-height-default elementor-section-height-default wpr-particle-no wpr-jarallax-no wpr-parallax-no wpr-sticky-section-no\" data-id=\"d020693\" data-element_type=\"section\" data-settings=\"{&quot;background_background&quot;:&quot;classic&quot;}\">\n\t\t\t\t\t\t<div class=\"elementor-container elementor-column-gap-default\">\n\t\t\t\t\t<div class=\"elementor-column elementor-col-100 elementor-inner-column elementor-element elementor-element-9b883f9\" data-id=\"9b883f9\" data-element_type=\"column\" data-settings=\"{&quot;background_background&quot;:&quot;classic&quot;}\">\n\t\t\t<div class=\"elementor-widget-wrap elementor-element-populated\">\n\t\t\t\t\t\t<div class=\"elementor-element elementor-element-8dc86d1 elementor-widget elementor-widget-heading\" data-id=\"8dc86d1\" data-element_type=\"widget\" data-widget_type=\"heading.default\">\n\t\t\t\t<div class=\"elementor-widget-container\">\n\t\t\t\t\t<h2 class=\"elementor-heading-title elementor-size-default\">Fale com a gente pelo WhatsApp<\/h2>\t\t\t\t<\/div>\n\t\t\t\t<\/div>\n\t\t\t\t\t<\/div>\n\t\t<\/div>\n\t\t\t\t\t<\/div>\n\t\t<\/section>\n\t\t\t\t<div class=\"elementor-element elementor-element-ec358e6 wpr-forms-submit-center wpr-forms-align-left elementor-widget elementor-widget-wpr-forms\" data-id=\"ec358e6\" data-element_type=\"widget\" data-widget_type=\"wpr-forms.default\">\n\t\t\t\t<div class=\"elementor-widget-container\">\n\t\t\t\t\t<div class=\"wpr-forms-container wpr-custom-chk-radio\">\n<div class=\"wpcf7 no-js\" id=\"wpcf7-f98-o1\" lang=\"pt-BR\" dir=\"ltr\" data-wpcf7-id=\"98\">\n<div class=\"screen-reader-response\"><p role=\"status\" aria-live=\"polite\" aria-atomic=\"true\"><\/p> <ul><\/ul><\/div>\n<form action=\"\/site\/wp-json\/wp\/v2\/pages\/6017#wpcf7-f98-o1\" method=\"post\" class=\"wpcf7-form init\" aria-label=\"Formul\u00e1rios de contato\" novalidate=\"novalidate\" data-status=\"init\">\n<div style=\"display: none;\">\n<input type=\"hidden\" name=\"_wpcf7\" value=\"98\" \/>\n<input type=\"hidden\" name=\"_wpcf7_version\" value=\"6.0.2\" \/>\n<input type=\"hidden\" name=\"_wpcf7_locale\" value=\"pt_BR\" \/>\n<input type=\"hidden\" name=\"_wpcf7_unit_tag\" value=\"wpcf7-f98-o1\" \/>\n<input type=\"hidden\" name=\"_wpcf7_container_post\" value=\"0\" \/>\n<input type=\"hidden\" name=\"_wpcf7_posted_data_hash\" value=\"\" \/>\n<\/div>\n<p><label> <span class=\"wpcf7-form-control-wrap\" data-name=\"nome\"><input size=\"40\" maxlength=\"400\" class=\"wpcf7-form-control wpcf7-text wpcf7-validates-as-required\" aria-required=\"true\" aria-invalid=\"false\" placeholder=\"Seu nome (obrigat\u00f3rio)\" value=\"\" type=\"text\" name=\"nome\" \/><\/span> <\/label><label> <span class=\"wpcf7-form-control-wrap\" data-name=\"email\"><input size=\"40\" maxlength=\"400\" class=\"wpcf7-form-control wpcf7-email wpcf7-validates-as-required wpcf7-text wpcf7-validates-as-email\" aria-required=\"true\" aria-invalid=\"false\" placeholder=\"Seu e-mail (obrigat\u00f3rio)\" value=\"\" type=\"email\" name=\"email\" \/><\/span> <\/label><label> <span class=\"wpcf7-form-control-wrap\" data-name=\"telefone\"><input size=\"40\" maxlength=\"400\" class=\"wpcf7-form-control wpcf7-tel wpcf7-validates-as-required wpcf7-text wpcf7-validates-as-tel\" aria-required=\"true\" aria-invalid=\"false\" placeholder=\"Seu telefone (XX) XXXX-XXXX (obrigat\u00f3rio)\" value=\"\" type=\"tel\" name=\"telefone\" \/><\/span> <\/label><label> <span class=\"wpcf7-form-control-wrap\" data-name=\"Mensagem\"><textarea cols=\"40\" rows=\"10\" maxlength=\"2000\" class=\"wpcf7-form-control wpcf7-textarea wpcf7-validates-as-required\" aria-required=\"true\" aria-invalid=\"false\" placeholder=\"Mensagem (obrigat\u00f3rio)\" name=\"Mensagem\"><\/textarea><\/span> <\/label><input class=\"wpcf7-form-control wpcf7-submit has-spinner\" type=\"submit\" value=\"Enviar\" \/>\n<\/p><div class=\"wpcf7-response-output\" aria-hidden=\"true\"><\/div>\n<\/form>\n<\/div>\n<\/div>\t\t\t\t<\/div>\n\t\t\t\t<\/div>\n\t\t\t\t\t<\/div>\n\t\t<\/div>\n\t\t\t\t<div class=\"elementor-column elementor-col-33 elementor-top-column elementor-element elementor-element-4022b08\" data-id=\"4022b08\" data-element_type=\"column\">\n\t\t\t<div class=\"elementor-widget-wrap elementor-element-populated\">\n\t\t\t\t\t\t<div class=\"elementor-element elementor-element-e91eb2d elementor-widget__width-initial elementor-widget elementor-widget-html\" data-id=\"e91eb2d\" data-element_type=\"widget\" data-widget_type=\"html.default\">\n\t\t\t\t<div class=\"elementor-widget-container\">\n\t\t\t\t\t<script>\ndocument.addEventListener(\"DOMContentLoaded\", function() {\n  const textarea = document.querySelector('textarea[name=\"Mensagem\"]');\n  if (!textarea) return;\n\n  \/\/ Oculta o textarea\n  textarea.style.display = \"none\";\n  textarea.style.setProperty('line-height', '25px', 'important');\n\n  \/\/ Obt\u00e9m o valor do par\u00e2metro ?ref= da URL\n  const params = new URLSearchParams(window.location.search);\n  const ref = params.get(\"ref\");\n\n  \/\/ Texto padr\u00e3o\n  let mensagem = \"Ol\u00e1! Vim atrav\u00e9s de \";\n\n  \/\/ Define a mensagem com base no ?ref=\n  switch (ref) {\n    case \"facebook\":\n      mensagem += \"uma campanha no Facebook.\";\n      break;\n\n    case \"instagram\":\n      mensagem += \"uma campanha no Instagram.\";\n      break;\n\n    case \"google\":\n      mensagem += \"uma busca no Google.\";\n      break;\n\n    default:\n      if (ref) {\n        mensagem += `uma indica\u00e7\u00e3o (${ref}).`;\n      } else {\n        mensagem = \"uma indica\u00e7\u00e3o (Org\u00e2nico)\"; \/\/ Se n\u00e3o tiver ref, deixa em branco\n      }\n  }\n\n  \/\/ Define o conte\u00fado dentro do textarea usando innerHTML\n  textarea.innerHTML = mensagem;\n});\n<\/script>\n<script>\ndocument.addEventListener('DOMContentLoaded', () => {\n  document.querySelectorAll('form.wpcf7-form').forEach(setupFormGuard);\n});\n\nfunction setupFormGuard(form) {\n  const realSubmit = form.querySelector('input.wpcf7-submit[type=\"submit\"]');\n  if (!realSubmit) return;\n\n  \/\/ helpers para (des)exibir com !important\n  const setDisplayImportant = (el, value) => el.style.setProperty('display', value, 'important');\n  const clearDisplay = (el) => el.style.removeProperty('display');\n\n  \/\/ cria o \"bot\u00e3o\" fantasma (n\u00e3o bot\u00e3o de verdade)\n  const fake = document.createElement('span');\n  fake.className = 'wpcf7-fake-submit';\n  fake.textContent = realSubmit.value || 'Enviar';\n  fake.setAttribute('aria-disabled', 'true');\n  fake.setAttribute('role', 'presentation');\n  fake.title = 'Preencha os campos obrigat\u00f3rios para enviar';\n\n  \/\/ apar\u00eancia b\u00e1sica (mova para CSS do tema se preferir)\n  setDisplayImportant(fake, 'table');     \/\/ <= conforme pedido\n  fake.style.opacity = '0.35';\n  fake.style.cursor = 'not-allowed';\n  fake.style.userSelect = 'none';\n  fake.style.pointerEvents = 'none';\n  fake.classList.add(...Array.from(realSubmit.classList));\n\n  \/\/ esconde o submit real inicialmente (com !important)\n  realSubmit.dataset._guardOriginalDisplay = realSubmit.style.display || '';\n  setDisplayImportant(realSubmit, 'none'); \/\/ <= display: none !important\n\n  \/\/ insere o fake depois do real\n  realSubmit.insertAdjacentElement('afterend', fake);\n\n  const inputs = {\n    nome:     form.querySelector('input[name=\"nome\"]'),\n    email:    form.querySelector('input[name=\"email\"]'),\n    telefone: form.querySelector('input[name=\"telefone\"]'),\n  };\n\n  const validate = () => {\n    const okNome = inputs.nome && inputs.nome.value.trim().length >= 2;\n\n    const okEmail = (() => {\n      if (!inputs.email) return false;\n      const v = inputs.email.value.trim();\n      return \/^[^\\s@]+@[^\\s@]+\\.[^\\s@]{2,}$\/.test(v);\n    })();\n\n    const okTelefone = (() => {\n      if (!inputs.telefone) return false;\n      const digits = inputs.telefone.value.replace(\/\\D+\/g, '');\n      return digits.length >= 10 && digits.length <= 11;\n    })();\n\n    const okMsg = inputs.mensagem ? String(inputs.mensagem.value || '').trim().length > 0 : true;\n    const allOk = okNome && okEmail && okTelefone && okMsg;\n\n    if (allOk) {\n      \/\/ mostra o submit real (limpa display inline pra voltar ao normal)\n      clearDisplay(realSubmit);\n      \/\/ esconde o fake com !important\n      setDisplayImportant(fake, 'none');\n    } else {\n      \/\/ bloqueia: real escondido com !important\n      setDisplayImportant(realSubmit, 'none');\n      \/\/ fake vis\u00edvel com display: table !important\n      setDisplayImportant(fake, 'table');\n    }\n  };\n\n  ['input', 'change', 'keyup', 'blur'].forEach(evt => {\n    form.addEventListener(evt, e => {\n      if (form.contains(e.target)) validate();\n    }, { passive: true });\n  });\n\n  const mo = new MutationObserver(() => validate());\n  mo.observe(form, { childList: true, subtree: true });\n\n  validate();\n  fake.setAttribute('tabindex', '-1');\n}\n<\/script>\t\t\t\t<\/div>\n\t\t\t\t<\/div>\n\t\t\t\t\t<\/div>\n\t\t<\/div>\n\t\t\t\t\t<\/div>\n\t\t<\/section>\n\t\t\t\t<\/div>\n\t\t","protected":false},"excerpt":{"rendered":"<p>Aqualita Lagoinha Fale com a gente atrav\u00e9s do WhatsApp (31) 3458-0871 | contato@aqualita.com.br Aqualita Lagoinha Online Fale com a gente pelo WhatsApp<\/p>\n","protected":false},"author":3,"featured_media":0,"parent":0,"menu_order":0,"comment_status":"closed","ping_status":"closed","template":"elementor_canvas","meta":{"footnotes":""},"class_list":["post-6017","page","type-page","status-publish","hentry"],"_links":{"self":[{"href":"https:\/\/aqualita.com.br\/site\/wp-json\/wp\/v2\/pages\/6017","targetHints":{"allow":["GET"]}}],"collection":[{"href":"https:\/\/aqualita.com.br\/site\/wp-json\/wp\/v2\/pages"}],"about":[{"href":"https:\/\/aqualita.com.br\/site\/wp-json\/wp\/v2\/types\/page"}],"author":[{"embeddable":true,"href":"https:\/\/aqualita.com.br\/site\/wp-json\/wp\/v2\/users\/3"}],"replies":[{"embeddable":true,"href":"https:\/\/aqualita.com.br\/site\/wp-json\/wp\/v2\/comments?post=6017"}],"version-history":[{"count":101,"href":"https:\/\/aqualita.com.br\/site\/wp-json\/wp\/v2\/pages\/6017\/revisions"}],"predecessor-version":[{"id":6223,"href":"https:\/\/aqualita.com.br\/site\/wp-json\/wp\/v2\/pages\/6017\/revisions\/6223"}],"wp:attachment":[{"href":"https:\/\/aqualita.com.br\/site\/wp-json\/wp\/v2\/media?parent=6017"}],"curies":[{"name":"wp","href":"https:\/\/api.w.org\/{rel}","templated":true}]}}